{"id":10,"date":"2020-11-06T14:30:33","date_gmt":"2020-11-06T13:30:33","guid":{"rendered":"http:\/\/librairie-lesfurtifs.com\/?page_id=10"},"modified":"2024-10-12T09:45:29","modified_gmt":"2024-10-12T07:45:29","slug":"lequipe","status":"publish","type":"page","link":"https:\/\/librairie-lesfurtifs.com\/index.php\/lequipe\/","title":{"rendered":"L&rsquo;\u00e9quipe"},"content":{"rendered":"\t\t<div data-elementor-type=\"wp-post\" data-elementor-id=\"10\" class=\"elementor elementor-10\" data-elementor-settings=\"[]\">\n\t\t\t\t\t\t<div class=\"elementor-inner\">\n\t\t\t\t\t\t\t<div class=\"elementor-section-wrap\">\n\t\t\t\t\t\t\t<section class=\"elementor-section elementor-top-section elementor-element elementor-element-9f16428 elementor-section-boxed elementor-section-height-default elementor-section-height-default parallax_section_no qode_elementor_container_no\" data-id=\"9f16428\" data-element_type=\"section\">\n\t\t\t\t\t\t<div class=\"elementor-container elementor-column-gap-default\">\n\t\t\t\t\t\t\t<div class=\"elementor-row\">\n\t\t\t\t\t<div class=\"elementor-column elementor-col-100 elementor-top-column elementor-element elementor-element-0563db5\" data-id=\"0563db5\" data-element_type=\"column\">\n\t\t\t<div class=\"elementor-column-wrap\">\n\t\t\t\t\t\t\t<div class=\"elementor-widget-wrap\">\n\t\t\t\t\t\t\t\t<\/div>\n\t\t\t\t\t<\/div>\n\t\t<\/div>\n\t\t\t\t\t\t\t\t<\/div>\n\t\t\t\t\t<\/div>\n\t\t<\/section>\n\t\t\t\t<section class=\"elementor-section elementor-top-section elementor-element elementor-element-b36c952 elementor-section-boxed elementor-section-height-default elementor-section-height-default parallax_section_no qode_elementor_container_no\" data-id=\"b36c952\" data-element_type=\"section\">\n\t\t\t\t\t\t<div class=\"elementor-container elementor-column-gap-default\">\n\t\t\t\t\t\t\t<div class=\"elementor-row\">\n\t\t\t\t\t<div class=\"elementor-column elementor-col-50 elementor-top-column elementor-element elementor-element-dad581b\" data-id=\"dad581b\" data-element_type=\"column\">\n\t\t\t<div class=\"elementor-column-wrap elementor-element-populated\">\n\t\t\t\t\t\t\t<div class=\"elementor-widget-wrap\">\n\t\t\t\t\t\t<div class=\"elementor-element elementor-element-cd0e0cb elementor-widget elementor-widget-text-editor\" data-id=\"cd0e0cb\" data-element_type=\"widget\" data-widget_type=\"text-editor.default\">\n\t\t\t\t<div class=\"elementor-widget-container\">\n\t\t\t\t\t<div class=\"elementor-text-editor elementor-clearfix\"><p><img loading=\"lazy\" decoding=\"async\" src=\"http:\/\/librairie-lesfurtifs.com\/wp-content\/uploads\/2024\/04\/Publications-insta-2-300x300.png\" alt=\"\" width=\"300\" height=\"300\"><\/p>\n<h2 style=\"background-color: #ffffff; color: var( --e-global-color-1036e26 ); font-size: 19px; font-weight: 600; font-family: 'Rock Salt', sans-serif; text-align: center;\" data-elementor-setting-key=\"title\" data-pen-placeholder=\"\u00c9crivez ici...\">SAMUEL<\/h2>\n<p style=\"background-color: #ffffff;\">Mon livre pr\u00e9f\u00e9r\u00e9 est sans doute \u00ab\u00a0Eragon\u00a0\u00bb de Christopher Paolini. A moins que ce soit \u00ab\u00a0Homo Domesticus ; une histoire profonde des premiers Etats\u00a0\u00bb de James C. Scott&#8230;&nbsp;<span style=\"background-color: rgb(255, 255, 255);\">Entre la litt\u00e9rature jeunesse et les sciences humaines, mon c\u0153ur balance !&nbsp;<\/span><\/p>\n<p style=\"background-color: #ffffff;\">J&rsquo;aime lire, partout, tout le temps : dans le bus, \u00e0 la plage, en terrasse&#8230;<br><\/p><\/div>\n\t\t\t\t<\/div>\n\t\t\t\t<\/div>\n\t\t\t\t\t\t<\/div>\n\t\t\t\t\t<\/div>\n\t\t<\/div>\n\t\t\t\t<div class=\"elementor-column elementor-col-50 elementor-top-column elementor-element elementor-element-4ca1da4\" data-id=\"4ca1da4\" data-element_type=\"column\">\n\t\t\t<div class=\"elementor-column-wrap elementor-element-populated\">\n\t\t\t\t\t\t\t<div class=\"elementor-widget-wrap\">\n\t\t\t\t\t\t<div class=\"elementor-element elementor-element-968e36c elementor-widget elementor-widget-text-editor\" data-id=\"968e36c\" data-element_type=\"widget\" data-widget_type=\"text-editor.default\">\n\t\t\t\t<div class=\"elementor-widget-container\">\n\t\t\t\t\t<div class=\"elementor-text-editor elementor-clearfix\"><p><img loading=\"lazy\" decoding=\"async\" src=\"http:\/\/librairie-lesfurtifs.com\/wp-content\/uploads\/2020\/11\/pascal-300x300.jpg\" alt=\"\" width=\"300\" height=\"300\" \/><\/p><p>\u00a0<\/p><h2 class=\"elementor-heading-title elementor-size-medium elementor-inline-editing pen\" style=\"background-color: #ffffff; color: var( --e-global-color-1036e26 ); font-size: 19px; font-weight: 600; font-family: 'Rock Salt', sans-serif;\" data-elementor-setting-key=\"title\" data-pen-placeholder=\"\u00c9crivez ici...\">PASCAL<\/h2><h2 class=\"elementor-heading-title elementor-size-medium elementor-inline-editing pen\" style=\"background-color: #ffffff; color: var( --e-global-color-1036e26 ); font-size: 19px; font-weight: 600; font-family: 'Rock Salt', sans-serif;\" data-elementor-setting-key=\"title\" data-pen-placeholder=\"\u00c9crivez ici...\"><span style=\"background-color: #ffffff; color: #634618; font-family: 'Open Sans', sans-serif; font-size: 15px; font-weight: 400; text-align: left;\">\u00a0<\/span><\/h2><h2 class=\"elementor-heading-title elementor-size-medium elementor-inline-editing pen\" style=\"background-color: #ffffff; color: var( --e-global-color-1036e26 ); font-size: 19px; font-weight: 600; font-family: 'Rock Salt', sans-serif;\" data-elementor-setting-key=\"title\" data-pen-placeholder=\"\u00c9crivez ici...\"><span style=\"background-color: #ffffff; color: #634618; font-family: 'Open Sans', sans-serif; font-size: 15px; font-weight: 400; text-align: left;\">Mes livres pr\u00e9f\u00e9r\u00e9s ? Parlons plut\u00f4t d\u2019auteur(e)s parmi lesquel(le)s Jean Echenoz, Virginie Despentes, David Peace, Jacques Pr\u00e9vert, Jean Giono, Catherine Meurisse, Cyril P\u00e9drosa, Tomi Ungerer\u2026\u00a0\u00a0<\/span><\/h2><h2 class=\"elementor-heading-title elementor-size-medium elementor-inline-editing pen\" style=\"background-color: #ffffff; color: var( --e-global-color-1036e26 ); font-size: 19px; font-weight: 600; font-family: 'Rock Salt', sans-serif;\" data-elementor-setting-key=\"title\" data-pen-placeholder=\"\u00c9crivez ici...\"><span style=\"background-color: #ffffff; color: #634618; font-family: 'Open Sans', sans-serif; font-size: 15px; font-weight: 400; text-align: left;\">\u00a0<\/span><\/h2><h2 class=\"elementor-heading-title elementor-size-medium elementor-inline-editing pen\" style=\"background-color: #ffffff; color: var( --e-global-color-1036e26 ); font-size: 19px; font-weight: 600; font-family: 'Rock Salt', sans-serif;\" data-elementor-setting-key=\"title\" data-pen-placeholder=\"\u00c9crivez ici...\"><span style=\"background-color: #ffffff; color: #634618; font-family: 'Open Sans', sans-serif; font-size: 15px; font-weight: 400; text-align: left;\">* Mon moment pr\u00e9f\u00e9r\u00e9 pour lire : le soir, au lit, bien au calme<\/span><\/h2><\/div>\n\t\t\t\t<\/div>\n\t\t\t\t<\/div>\n\t\t\t\t\t\t<\/div>\n\t\t\t\t\t<\/div>\n\t\t<\/div>\n\t\t\t\t\t\t\t\t<\/div>\n\t\t\t\t\t<\/div>\n\t\t<\/section>\n\t\t\t\t\t\t<\/div>\n\t\t\t\t\t\t<\/div>\n\t\t\t\t\t<\/div>\n\t\t","protected":false},"excerpt":{"rendered":"<p>SAMUEL Mon livre pr\u00e9f\u00e9r\u00e9 est sans doute \u00ab\u00a0Eragon\u00a0\u00bb de Christopher Paolini. A moins que ce soit \u00ab\u00a0Homo Domesticus ; une histoire profonde des premiers Etats\u00a0\u00bb de James C. Scott&#8230;&nbsp;Entre la litt\u00e9rature jeunesse et les sciences humaines, mon c\u0153ur balance !&nbsp; J&rsquo;aime lire, partout, tout le&#8230;<\/p>\n","protected":false},"author":1,"featured_media":0,"parent":0,"menu_order":0,"comment_status":"closed","ping_status":"closed","template":"","meta":{"footnotes":""},"class_list":["post-10","page","type-page","status-publish","hentry"],"_links":{"self":[{"href":"https:\/\/librairie-lesfurtifs.com\/index.php\/wp-json\/wp\/v2\/pages\/10","targetHints":{"allow":["GET"]}}],"collection":[{"href":"https:\/\/librairie-lesfurtifs.com\/index.php\/wp-json\/wp\/v2\/pages"}],"about":[{"href":"https:\/\/librairie-lesfurtifs.com\/index.php\/wp-json\/wp\/v2\/types\/page"}],"author":[{"embeddable":true,"href":"https:\/\/librairie-lesfurtifs.com\/index.php\/wp-json\/wp\/v2\/users\/1"}],"replies":[{"embeddable":true,"href":"https:\/\/librairie-lesfurtifs.com\/index.php\/wp-json\/wp\/v2\/comments?post=10"}],"version-history":[{"count":32,"href":"https:\/\/librairie-lesfurtifs.com\/index.php\/wp-json\/wp\/v2\/pages\/10\/revisions"}],"predecessor-version":[{"id":742,"href":"https:\/\/librairie-lesfurtifs.com\/index.php\/wp-json\/wp\/v2\/pages\/10\/revisions\/742"}],"wp:attachment":[{"href":"https:\/\/librairie-lesfurtifs.com\/index.php\/wp-json\/wp\/v2\/media?parent=10"}],"curies":[{"name":"wp","href":"https:\/\/api.w.org\/{rel}","templated":true}]}}