{"id":264,"date":"2020-01-22T10:53:22","date_gmt":"2020-01-22T10:53:22","guid":{"rendered":"https:\/\/bridge316.qodeinteractive.com\/?page_id=205"},"modified":"2024-05-04T10:01:13","modified_gmt":"2024-05-04T08:01:13","slug":"products","status":"publish","type":"page","link":"https:\/\/librairie-lesfurtifs.com\/index.php\/products\/","title":{"rendered":"La librairie"},"content":{"rendered":"\t\t<div data-elementor-type=\"wp-page\" data-elementor-id=\"264\" class=\"elementor elementor-264\" data-elementor-settings=\"[]\">\n\t\t\t\t\t\t<div class=\"elementor-inner\">\n\t\t\t\t\t\t\t<div class=\"elementor-section-wrap\">\n\t\t\t\t\t\t\t<section class=\"elementor-section elementor-top-section elementor-element elementor-element-05f1497 qode_elementor_container_inner elementor-section-boxed elementor-section-height-default elementor-section-height-default parallax_section_no\" data-id=\"05f1497\" data-element_type=\"section\">\n\t\t\t\t\t\t<div class=\"elementor-container elementor-column-gap-default\">\n\t\t\t\t\t\t\t<div class=\"elementor-row\">\n\t\t\t\t\t<div class=\"elementor-column elementor-col-100 elementor-top-column elementor-element elementor-element-24d1493\" data-id=\"24d1493\" data-element_type=\"column\">\n\t\t\t<div class=\"elementor-column-wrap elementor-element-populated\">\n\t\t\t\t\t\t\t<div class=\"elementor-widget-wrap\">\n\t\t\t\t\t\t<div class=\"elementor-element elementor-element-0282569 elementor-widget elementor-widget-heading\" data-id=\"0282569\" data-element_type=\"widget\" data-widget_type=\"heading.default\">\n\t\t\t\t<div class=\"elementor-widget-container\">\n\t\t\t<h2 class=\"elementor-heading-title elementor-size-small\">L'histoire de la librairie...<\/h2>\t\t<\/div>\n\t\t\t\t<\/div>\n\t\t\t\t<div class=\"elementor-element elementor-element-1a6f06c elementor-widget elementor-widget-heading\" data-id=\"1a6f06c\" data-element_type=\"widget\" data-widget_type=\"heading.default\">\n\t\t\t\t<div class=\"elementor-widget-container\">\n\t\t\t<h1 class=\"elementor-heading-title elementor-size-small\">G\u00e9n\u00e9raliste, atypique et ind\u00e9pendante&nbsp;! <br>Vous trouverez parmi les choix effectu\u00e9s par Camille, Samuel et Pascal des titres de litt\u00e9rature g\u00e9n\u00e9rale fran\u00e7aise et \u00e9trang\u00e8re, du polar\/sciences fiction, des litt\u00e9ratures de l'imaginaire, des sciences humaines, des beaux livres, des ouvrages de vie pratique (cuisine, voyage, bien-\u00eatre\u2026), de la bande dessin\u00e9e et un grand rayon jeunesse&nbsp;! <span style=\"color: rgb(0, 0, 0); font-family: Cambria; font-size: 12pt; font-weight: 400; white-space: normal; letter-spacing: 0px;\">&nbsp;<\/span> <br><br>Ind\u00e9pendante et ancr\u00e9e \u00e0 son territoire. Nous sommes convaincus du r\u00f4le unique de la librairie de centre-ville dans la cha\u00eene du livre, qui tisse avec ses client(e)s, avec les institutions locales et culturelles des liens privil\u00e9gi\u00e9s. Depuis la rentr\u00e9e 2021, la p\u00e9pini\u00e8re des Furtifs propose des ateliers d'\u00e9criture, de dessin et de d\u00e9gustation, pour petits et grands, ainsi que des rencontres litt\u00e9raires pour mieux partager notre passion des livres.  <br><br>Nos partenaires le Centre National du Livre, le PACI (Initiatives Pays d\u2019Aubagne La Ciotat), la DRAC PACA ainsi que l\u2019ADELC (Association pour le D\u00e9veloppement de la Librairie de Cr\u00e9ation) nous soutiennent pleinement dans cette d\u00e9marche de proximit\u00e9 et d\u2019exigence.<\/h1>\t\t<\/div>\n\t\t\t\t<\/div>\n\t\t\t\t\t\t<\/div>\n\t\t\t\t\t<\/div>\n\t\t<\/div>\n\t\t\t\t\t\t\t\t<\/div>\n\t\t\t\t\t<\/div>\n\t\t<\/section>\n\t\t\t\t<section class=\"elementor-section elementor-top-section elementor-element elementor-element-b6e68da elementor-section-boxed elementor-section-height-default elementor-section-height-default parallax_section_no qode_elementor_container_no\" data-id=\"b6e68da\" data-element_type=\"section\">\n\t\t\t\t\t\t<div class=\"elementor-container elementor-column-gap-default\">\n\t\t\t\t\t\t\t<div class=\"elementor-row\">\n\t\t\t\t\t<div class=\"elementor-column elementor-col-25 elementor-top-column elementor-element elementor-element-bb7a791\" data-id=\"bb7a791\" data-element_type=\"column\">\n\t\t\t<div class=\"elementor-column-wrap elementor-element-populated\">\n\t\t\t\t\t\t\t<div class=\"elementor-widget-wrap\">\n\t\t\t\t\t\t<div class=\"elementor-element elementor-element-3f3176e elementor-widget elementor-widget-image\" data-id=\"3f3176e\" data-element_type=\"widget\" data-widget_type=\"image.default\">\n\t\t\t\t<div class=\"elementor-widget-container\">\n\t\t\t\t\t<div class=\"elementor-image\">\n\t\t\t\t\t\t\t\t\t\t<img loading=\"lazy\" decoding=\"async\" width=\"150\" height=\"150\" src=\"https:\/\/librairie-lesfurtifs.com\/wp-content\/uploads\/2020\/11\/logo-adelc-150x150.jpg\" class=\"attachment-thumbnail size-thumbnail\" alt=\"\" \/>\t\t\t\t\t\t\t\t\t\t\t<\/div>\n\t\t\t\t<\/div>\n\t\t\t\t<\/div>\n\t\t\t\t\t\t<\/div>\n\t\t\t\t\t<\/div>\n\t\t<\/div>\n\t\t\t\t<div class=\"elementor-column elementor-col-25 elementor-top-column elementor-element elementor-element-222ce0c\" data-id=\"222ce0c\" data-element_type=\"column\">\n\t\t\t<div class=\"elementor-column-wrap elementor-element-populated\">\n\t\t\t\t\t\t\t<div class=\"elementor-widget-wrap\">\n\t\t\t\t\t\t<div class=\"elementor-element elementor-element-b7e34a1 elementor-widget elementor-widget-image\" data-id=\"b7e34a1\" data-element_type=\"widget\" data-widget_type=\"image.default\">\n\t\t\t\t<div class=\"elementor-widget-container\">\n\t\t\t\t\t<div class=\"elementor-image\">\n\t\t\t\t\t\t\t\t\t\t<img loading=\"lazy\" decoding=\"async\" width=\"150\" height=\"150\" src=\"https:\/\/librairie-lesfurtifs.com\/wp-content\/uploads\/2020\/11\/logo-cnl-150x150.jpg\" class=\"attachment-thumbnail size-thumbnail\" alt=\"\" \/>\t\t\t\t\t\t\t\t\t\t\t<\/div>\n\t\t\t\t<\/div>\n\t\t\t\t<\/div>\n\t\t\t\t\t\t<\/div>\n\t\t\t\t\t<\/div>\n\t\t<\/div>\n\t\t\t\t<div class=\"elementor-column elementor-col-25 elementor-top-column elementor-element elementor-element-b7309df\" data-id=\"b7309df\" data-element_type=\"column\">\n\t\t\t<div class=\"elementor-column-wrap elementor-element-populated\">\n\t\t\t\t\t\t\t<div class=\"elementor-widget-wrap\">\n\t\t\t\t\t\t<div class=\"elementor-element elementor-element-0b2166b elementor-widget elementor-widget-image\" data-id=\"0b2166b\" data-element_type=\"widget\" data-widget_type=\"image.default\">\n\t\t\t\t<div class=\"elementor-widget-container\">\n\t\t\t\t\t<div class=\"elementor-image\">\n\t\t\t\t\t\t\t\t\t\t<img loading=\"lazy\" decoding=\"async\" width=\"150\" height=\"150\" src=\"https:\/\/librairie-lesfurtifs.com\/wp-content\/uploads\/2020\/11\/logo-paci-150x150.jpg\" class=\"attachment-thumbnail size-thumbnail\" alt=\"\" \/>\t\t\t\t\t\t\t\t\t\t\t<\/div>\n\t\t\t\t<\/div>\n\t\t\t\t<\/div>\n\t\t\t\t\t\t<\/div>\n\t\t\t\t\t<\/div>\n\t\t<\/div>\n\t\t\t\t<div class=\"elementor-column elementor-col-25 elementor-top-column elementor-element elementor-element-f323b7f\" data-id=\"f323b7f\" data-element_type=\"column\">\n\t\t\t<div class=\"elementor-column-wrap elementor-element-populated\">\n\t\t\t\t\t\t\t<div class=\"elementor-widget-wrap\">\n\t\t\t\t\t\t<div class=\"elementor-element elementor-element-1eb8799 elementor-widget elementor-widget-image\" data-id=\"1eb8799\" data-element_type=\"widget\" data-widget_type=\"image.default\">\n\t\t\t\t<div class=\"elementor-widget-container\">\n\t\t\t\t\t<div class=\"elementor-image\">\n\t\t\t\t\t\t\t\t\t\t<img loading=\"lazy\" decoding=\"async\" width=\"150\" height=\"150\" src=\"https:\/\/librairie-lesfurtifs.com\/wp-content\/uploads\/2022\/06\/PREF_region_Provence_Alpes_Cote_d_Azur_RVB.jpg\" class=\"attachment-large size-large\" alt=\"\" \/>\t\t\t\t\t\t\t\t\t\t\t<\/div>\n\t\t\t\t<\/div>\n\t\t\t\t<\/div>\n\t\t\t\t\t\t<\/div>\n\t\t\t\t\t<\/div>\n\t\t<\/div>\n\t\t\t\t\t\t\t\t<\/div>\n\t\t\t\t\t<\/div>\n\t\t<\/section>\n\t\t\t\t\t\t<\/div>\n\t\t\t\t\t\t<\/div>\n\t\t\t\t\t<\/div>\n\t\t","protected":false},"excerpt":{"rendered":"<p>L&rsquo;histoire de la librairie&#8230; G\u00e9n\u00e9raliste, atypique et ind\u00e9pendante&nbsp;! Vous trouverez parmi les choix effectu\u00e9s par Camille, Samuel et Pascal des titres de litt\u00e9rature g\u00e9n\u00e9rale fran\u00e7aise et \u00e9trang\u00e8re, du polar\/sciences fiction, des litt\u00e9ratures de l&rsquo;imaginaire, des sciences humaines, des beaux livres, des ouvrages de vie pratique&#8230;<\/p>\n","protected":false},"author":1,"featured_media":0,"parent":0,"menu_order":0,"comment_status":"closed","ping_status":"closed","template":"full_width.php","meta":{"footnotes":""},"class_list":["post-264","page","type-page","status-publish","hentry"],"_links":{"self":[{"href":"https:\/\/librairie-lesfurtifs.com\/index.php\/wp-json\/wp\/v2\/pages\/264","targetHints":{"allow":["GET"]}}],"collection":[{"href":"https:\/\/librairie-lesfurtifs.com\/index.php\/wp-json\/wp\/v2\/pages"}],"about":[{"href":"https:\/\/librairie-lesfurtifs.com\/index.php\/wp-json\/wp\/v2\/types\/page"}],"author":[{"embeddable":true,"href":"https:\/\/librairie-lesfurtifs.com\/index.php\/wp-json\/wp\/v2\/users\/1"}],"replies":[{"embeddable":true,"href":"https:\/\/librairie-lesfurtifs.com\/index.php\/wp-json\/wp\/v2\/comments?post=264"}],"version-history":[{"count":21,"href":"https:\/\/librairie-lesfurtifs.com\/index.php\/wp-json\/wp\/v2\/pages\/264\/revisions"}],"predecessor-version":[{"id":729,"href":"https:\/\/librairie-lesfurtifs.com\/index.php\/wp-json\/wp\/v2\/pages\/264\/revisions\/729"}],"wp:attachment":[{"href":"https:\/\/librairie-lesfurtifs.com\/index.php\/wp-json\/wp\/v2\/media?parent=264"}],"curies":[{"name":"wp","href":"https:\/\/api.w.org\/{rel}","templated":true}]}}