{"id":305,"date":"2020-09-16T17:15:42","date_gmt":"2020-09-16T15:15:42","guid":{"rendered":"http:\/\/librairie-lesfurtifs.com\/?page_id=305"},"modified":"2026-01-06T11:48:19","modified_gmt":"2026-01-06T10:48:19","slug":"les-ateliers","status":"publish","type":"page","link":"https:\/\/librairie-lesfurtifs.com\/index.php\/les-ateliers\/","title":{"rendered":"Les ateliers"},"content":{"rendered":"\t\t<div data-elementor-type=\"wp-page\" data-elementor-id=\"305\" class=\"elementor elementor-305\" data-elementor-settings=\"[]\">\n\t\t\t\t\t\t<div class=\"elementor-inner\">\n\t\t\t\t\t\t\t<div class=\"elementor-section-wrap\">\n\t\t\t\t\t\t\t<section class=\"elementor-section elementor-top-section elementor-element elementor-element-f456af5 elementor-section-boxed elementor-section-height-default elementor-section-height-default parallax_section_no qode_elementor_container_no\" data-id=\"f456af5\" data-element_type=\"section\">\n\t\t\t\t\t\t<div class=\"elementor-container elementor-column-gap-default\">\n\t\t\t\t\t\t\t<div class=\"elementor-row\">\n\t\t\t\t\t<div class=\"elementor-column elementor-col-100 elementor-top-column elementor-element elementor-element-640e8a0\" data-id=\"640e8a0\" data-element_type=\"column\">\n\t\t\t<div class=\"elementor-column-wrap elementor-element-populated\">\n\t\t\t\t\t\t\t<div class=\"elementor-widget-wrap\">\n\t\t\t\t\t\t<div class=\"elementor-element elementor-element-ae57fe7 elementor-widget elementor-widget-image\" data-id=\"ae57fe7\" data-element_type=\"widget\" data-widget_type=\"image.default\">\n\t\t\t\t<div class=\"elementor-widget-container\">\n\t\t\t\t\t<div class=\"elementor-image\">\n\t\t\t\t\t\t\t\t\t\t<img loading=\"lazy\" decoding=\"async\" width=\"600\" height=\"900\" src=\"https:\/\/librairie-lesfurtifs.com\/wp-content\/uploads\/2026\/01\/Flyer-dec-fev-100-x-150-mm.png\" class=\"attachment-large size-large\" alt=\"\" srcset=\"https:\/\/librairie-lesfurtifs.com\/wp-content\/uploads\/2026\/01\/Flyer-dec-fev-100-x-150-mm.png 600w, https:\/\/librairie-lesfurtifs.com\/wp-content\/uploads\/2026\/01\/Flyer-dec-fev-100-x-150-mm-200x300.png 200w\" sizes=\"auto, (max-width: 600px) 100vw, 600px\" \/>\t\t\t\t\t\t\t\t\t\t\t<\/div>\n\t\t\t\t<\/div>\n\t\t\t\t<\/div>\n\t\t\t\t\t\t<\/div>\n\t\t\t\t\t<\/div>\n\t\t<\/div>\n\t\t\t\t\t\t\t\t<\/div>\n\t\t\t\t\t<\/div>\n\t\t<\/section>\n\t\t\t\t<section class=\"elementor-section elementor-top-section elementor-element elementor-element-97ad9a2 elementor-section-boxed elementor-section-height-default elementor-section-height-default parallax_section_no qode_elementor_container_no\" data-id=\"97ad9a2\" data-element_type=\"section\">\n\t\t\t\t\t\t<div class=\"elementor-container elementor-column-gap-default\">\n\t\t\t\t\t\t\t<div class=\"elementor-row\">\n\t\t\t\t\t<div class=\"elementor-column elementor-col-100 elementor-top-column elementor-element elementor-element-208490f\" data-id=\"208490f\" data-element_type=\"column\">\n\t\t\t<div class=\"elementor-column-wrap elementor-element-populated\">\n\t\t\t\t\t\t\t<div class=\"elementor-widget-wrap\">\n\t\t\t\t\t\t<div class=\"elementor-element elementor-element-c68ecee elementor-widget elementor-widget-divider\" data-id=\"c68ecee\" data-element_type=\"widget\" data-widget_type=\"divider.default\">\n\t\t\t\t<div class=\"elementor-widget-container\">\n\t\t\t\t\t<div class=\"elementor-divider\">\n\t\t\t<span class=\"elementor-divider-separator\">\n\t\t\t\t\t\t<\/span>\n\t\t<\/div>\n\t\t\t\t<\/div>\n\t\t\t\t<\/div>\n\t\t\t\t\t\t<\/div>\n\t\t\t\t\t<\/div>\n\t\t<\/div>\n\t\t\t\t\t\t\t\t<\/div>\n\t\t\t\t\t<\/div>\n\t\t<\/section>\n\t\t\t\t<section class=\"elementor-section elementor-top-section elementor-element elementor-element-e3d098e elementor-section-boxed elementor-section-height-default elementor-section-height-default parallax_section_no qode_elementor_container_no\" data-id=\"e3d098e\" data-element_type=\"section\">\n\t\t\t\t\t\t<div class=\"elementor-container elementor-column-gap-default\">\n\t\t\t\t\t\t\t<div class=\"elementor-row\">\n\t\t\t\t\t<div class=\"elementor-column elementor-col-100 elementor-top-column elementor-element elementor-element-f33629b\" data-id=\"f33629b\" data-element_type=\"column\">\n\t\t\t<div class=\"elementor-column-wrap elementor-element-populated\">\n\t\t\t\t\t\t\t<div class=\"elementor-widget-wrap\">\n\t\t\t\t\t\t<div class=\"elementor-element elementor-element-ca7dcdb elementor-widget elementor-widget-heading\" data-id=\"ca7dcdb\" data-element_type=\"widget\" data-widget_type=\"heading.default\">\n\t\t\t\t<div class=\"elementor-widget-container\">\n\t\t\t<h2 class=\"elementor-heading-title elementor-size-default\"><p style=\"background-color: rgb(255, 255, 255); letter-spacing: normal; white-space: normal;\"><span style=\"font-size: 15pt;\">ATELIERS D'ECRITURE anim\u00e9s par H\u00e9l\u00e8na Villovitch et Annick Latour<\/span><\/p><p style=\"background-color: rgb(255, 255, 255); letter-spacing: normal; white-space: normal;\"><span><span style=\"font-size: 15pt;\">\u00c9crire c\u2019est se projeter vers un inattendu. \u00c9crire c\u2019est se surprendre. D\u00e9veloppez curiosit\u00e9, imaginaire, cr\u00e9ativit\u00e9 et vivez une aventure d'\u00e9criture, de l'id\u00e9e \u00e0 la r\u00e9daction. Pas \u00e0 pas, apprenez \u00e0 exploiter au mieux votre potentiel de cr\u00e9ation.<\/span><span style=\"font-size: 20px;\"><br><\/span><\/span><span style=\"background-color: rgb(255, 255, 255);\">ANNICK LATOUR est n\u00e9e au Qu\u00e9bec, elle \u00e9crit et peint, elle est dipl\u00f4m\u00e9e en animation d'ateliers d'\u00e9criture, docteur en philosophie, elle aime les questions, l'imaginaire, la ph\u00e9nom\u00e9nologie et le chocolat noir. Sa derni\u00e8re pi\u00e8ce publi\u00e9e s'intitule&nbsp;<\/span><i>Parce que tout passe toujours son temps \u00e0 \u00eatre d\u00e9j\u00e0 foutu<\/i><span style=\"background-color: rgb(255, 255, 255);\">.<\/span><\/p><p style=\"background-color: rgb(255, 255, 255); letter-spacing: normal; white-space: normal;\">HELENA VILLOVITCH, artiste tous azimuts, H\u00e9l\u00e8na Villovitch \u00e9crit, peint, dessine, photographie, signe des sc\u00e9narios et r\u00e9alise des films comme&nbsp;<em>Bye bye tiger&nbsp;<\/em>au sein du groupe de cin\u00e9astes le&nbsp;<span style=\"background-color: rgb(255, 255, 255);\">Molokino. Elle a publi\u00e9 plusieurs recueils de nouvelles ainsi qu\u2019un roman aux \u00e9ditions de l\u2019Olivier, dans lesquels elle scrute, avec son humour si particulier, les moindres recoins de nos vies, nos tics sociaux et culturels et les \u00e9ruptions de nos d\u00e9sillusions. Elle s'investit dans la litt\u00e9rature jeunesse, o\u00f9 elle m\u00eale humour et fantastique dans la s\u00e9rie des Ferdinand (l'Ecole des Loisirs) ou dans Le village des Monstres (Bayard Jeunesse)<\/span><i>.<\/i><span style=\"color: var( --e-global-color-primary ); font-family: var( --e-global-typography-primary-font-family ); font-size: 45px; font-weight: var( --e-global-typography-primary-font-weight ); letter-spacing: 0.5px; white-space: pre-wrap;\"><\/span><\/p><\/h2>\t\t<\/div>\n\t\t\t\t<\/div>\n\t\t\t\t\t\t<\/div>\n\t\t\t\t\t<\/div>\n\t\t<\/div>\n\t\t\t\t\t\t\t\t<\/div>\n\t\t\t\t\t<\/div>\n\t\t<\/section>\n\t\t\t\t<section class=\"elementor-section elementor-top-section elementor-element elementor-element-02ad35f elementor-section-boxed elementor-section-height-default elementor-section-height-default parallax_section_no qode_elementor_container_no\" data-id=\"02ad35f\" data-element_type=\"section\">\n\t\t\t\t\t\t<div class=\"elementor-container elementor-column-gap-default\">\n\t\t\t\t\t\t\t<div class=\"elementor-row\">\n\t\t\t\t\t<div class=\"elementor-column elementor-col-100 elementor-top-column elementor-element elementor-element-d0e87f0\" data-id=\"d0e87f0\" data-element_type=\"column\">\n\t\t\t<div class=\"elementor-column-wrap elementor-element-populated\">\n\t\t\t\t\t\t\t<div class=\"elementor-widget-wrap\">\n\t\t\t\t\t\t<div class=\"elementor-element elementor-element-76b6754 elementor-widget elementor-widget-divider\" data-id=\"76b6754\" data-element_type=\"widget\" data-widget_type=\"divider.default\">\n\t\t\t\t<div class=\"elementor-widget-container\">\n\t\t\t\t\t<div class=\"elementor-divider\">\n\t\t\t<span class=\"elementor-divider-separator\">\n\t\t\t\t\t\t<\/span>\n\t\t<\/div>\n\t\t\t\t<\/div>\n\t\t\t\t<\/div>\n\t\t\t\t\t\t<\/div>\n\t\t\t\t\t<\/div>\n\t\t<\/div>\n\t\t\t\t\t\t\t\t<\/div>\n\t\t\t\t\t<\/div>\n\t\t<\/section>\n\t\t\t\t<section class=\"elementor-section elementor-top-section elementor-element elementor-element-b700908 elementor-section-boxed elementor-section-height-default elementor-section-height-default parallax_section_no qode_elementor_container_no\" data-id=\"b700908\" data-element_type=\"section\">\n\t\t\t\t\t\t<div class=\"elementor-container elementor-column-gap-default\">\n\t\t\t\t\t\t\t<div class=\"elementor-row\">\n\t\t\t\t\t<div class=\"elementor-column elementor-col-100 elementor-top-column elementor-element elementor-element-1bfb65b\" data-id=\"1bfb65b\" data-element_type=\"column\">\n\t\t\t<div class=\"elementor-column-wrap elementor-element-populated\">\n\t\t\t\t\t\t\t<div class=\"elementor-widget-wrap\">\n\t\t\t\t\t\t<div class=\"elementor-element elementor-element-76828fb elementor-widget elementor-widget-heading\" data-id=\"76828fb\" data-element_type=\"widget\" data-widget_type=\"heading.default\">\n\t\t\t\t<div class=\"elementor-widget-container\">\n\t\t\t<h2 class=\"elementor-heading-title elementor-size-default\"><p style=\"background-color: rgb(255, 255, 255); letter-spacing: normal; white-space: normal;\"><span style=\"font-size: 18pt;\">ATELIERS MANGA&nbsp;<\/span><span style=\"font-size: 15pt;\">anim\u00e9s par Daniel Ballin<\/span><\/p><p style=\"background-color: rgb(255, 255, 255); letter-spacing: normal; white-space: normal;\"><span style=\"font-size: 15pt;\">Initiez-vous au manga \u00e0 travers ses diff\u00e9rentes techniques avec un mangaka et illustrateur professionnel. Dans une ambiance d\u00e9contract\u00e9e et studieuse, approfondissez la pratique du manga.&nbsp;<\/span><span style=\"font-size: 15pt;\">A partir de 9 ans : une fois par mois, le samedi matin de 10h \u00e0 12h.<\/span><\/p><p style=\"background-color: rgb(255, 255, 255); letter-spacing: normal; white-space: normal;\">DANIEL BALLIN : Dipl\u00f4m\u00e9 des arts appliqu\u00e9s de Marseille (BAC ET BTS). Enseignant en bande dessin\u00e9e Manga \u00e0 ESA GAME (Carpentras). Dessinateur et coloriste de bandes dessin\u00e9es chez divers \u00e9diteurs (Gl\u00e9nat, Soleil, Clair de lune). Intervenant graphiste 2D, jeux vid\u00e9o et applications. <br>S\u00e9ries principales : IAM - Imperial Asiatic Men, Overshal, les adeptes de l'Oxom, Sihl.<span style=\"color: var( --e-global-color-primary ); font-family: Roboto, sans-serif; font-size: 45px; font-weight: 600; letter-spacing: 0.5px; white-space-collapse: preserve;\"><\/span><\/p><\/h2>\t\t<\/div>\n\t\t\t\t<\/div>\n\t\t\t\t\t\t<\/div>\n\t\t\t\t\t<\/div>\n\t\t<\/div>\n\t\t\t\t\t\t\t\t<\/div>\n\t\t\t\t\t<\/div>\n\t\t<\/section>\n\t\t\t\t<section class=\"elementor-section elementor-top-section elementor-element elementor-element-961b307 elementor-section-boxed elementor-section-height-default elementor-section-height-default parallax_section_no qode_elementor_container_no\" data-id=\"961b307\" data-element_type=\"section\">\n\t\t\t\t\t\t<div class=\"elementor-container elementor-column-gap-default\">\n\t\t\t\t\t\t\t<div class=\"elementor-row\">\n\t\t\t\t\t<div class=\"elementor-column elementor-col-100 elementor-top-column elementor-element elementor-element-789b717\" data-id=\"789b717\" data-element_type=\"column\">\n\t\t\t<div class=\"elementor-column-wrap elementor-element-populated\">\n\t\t\t\t\t\t\t<div class=\"elementor-widget-wrap\">\n\t\t\t\t\t\t<div class=\"elementor-element elementor-element-f44ba63 elementor-widget elementor-widget-divider\" data-id=\"f44ba63\" data-element_type=\"widget\" data-widget_type=\"divider.default\">\n\t\t\t\t<div class=\"elementor-widget-container\">\n\t\t\t\t\t<div class=\"elementor-divider\">\n\t\t\t<span class=\"elementor-divider-separator\">\n\t\t\t\t\t\t<\/span>\n\t\t<\/div>\n\t\t\t\t<\/div>\n\t\t\t\t<\/div>\n\t\t\t\t\t\t<\/div>\n\t\t\t\t\t<\/div>\n\t\t<\/div>\n\t\t\t\t\t\t\t\t<\/div>\n\t\t\t\t\t<\/div>\n\t\t<\/section>\n\t\t\t\t<section class=\"elementor-section elementor-top-section elementor-element elementor-element-74d21de elementor-section-boxed elementor-section-height-default elementor-section-height-default parallax_section_no qode_elementor_container_no\" data-id=\"74d21de\" data-element_type=\"section\">\n\t\t\t\t\t\t<div class=\"elementor-container elementor-column-gap-default\">\n\t\t\t\t\t\t\t<div class=\"elementor-row\">\n\t\t\t\t\t<div class=\"elementor-column elementor-col-100 elementor-top-column elementor-element elementor-element-e4cb9da\" data-id=\"e4cb9da\" data-element_type=\"column\">\n\t\t\t<div class=\"elementor-column-wrap elementor-element-populated\">\n\t\t\t\t\t\t\t<div class=\"elementor-widget-wrap\">\n\t\t\t\t\t\t<div class=\"elementor-element elementor-element-68e04c0 elementor-widget elementor-widget-text-editor\" data-id=\"68e04c0\" data-element_type=\"widget\" data-widget_type=\"text-editor.default\">\n\t\t\t\t<div class=\"elementor-widget-container\">\n\t\t\t\t\t<div class=\"elementor-text-editor elementor-clearfix\"><p style=\"background-color: #ffffff; letter-spacing: normal; white-space-collapse: collapse;\"><span style=\"font-size: 18pt;\">ATELIERS LECTURE-THE\u00c2TRE\u00a0<\/span><span style=\"font-size: 15pt;\">anim\u00e9s par Emilie Dieudonn\u00e9, improvisatrice<\/span><\/p><p>\u00a0<\/p><p style=\"background-color: #ffffff; letter-spacing: normal; white-space: normal;\"><span style=\"font-size: 15pt;\">Un m\u00e9lange de lecture et de th\u00e9\u00e2tre pour que la lecture prenne corps et devienne un espace o\u00f9 l&rsquo;imaginaire peut \u00eatre jou\u00e9.<\/span><\/p><p style=\"color: #153d67;\">Un premier temps de lecture des aventures des <span style=\"font-style: italic;\">Chiens Pirates<\/span> ou de <span style=\"font-style: italic;\">Mortelle Ad\u00e8le<\/span> puis les enfants pourront jouer ensemble les personnages de l&rsquo;histoire.<\/p><p style=\"color: #153d67;\">La cr\u00e9ation de nouveaux personnages, l&rsquo;invention de nouvelles versions de l&rsquo;histoire cr\u00e9\u00e9es en jouant, stimuleront la cr\u00e9ativit\u00e9 de vos enfants par le plaisir du jeu !<\/p><\/div>\n\t\t\t\t<\/div>\n\t\t\t\t<\/div>\n\t\t\t\t\t\t<\/div>\n\t\t\t\t\t<\/div>\n\t\t<\/div>\n\t\t\t\t\t\t\t\t<\/div>\n\t\t\t\t\t<\/div>\n\t\t<\/section>\n\t\t\t\t<section class=\"elementor-section elementor-top-section elementor-element elementor-element-a3e0baf elementor-section-boxed elementor-section-height-default elementor-section-height-default parallax_section_no qode_elementor_container_no\" data-id=\"a3e0baf\" data-element_type=\"section\">\n\t\t\t\t\t\t<div class=\"elementor-container elementor-column-gap-default\">\n\t\t\t\t\t\t\t<div class=\"elementor-row\">\n\t\t\t\t\t<div class=\"elementor-column elementor-col-100 elementor-top-column elementor-element elementor-element-5099ccd\" data-id=\"5099ccd\" data-element_type=\"column\">\n\t\t\t<div class=\"elementor-column-wrap elementor-element-populated\">\n\t\t\t\t\t\t\t<div class=\"elementor-widget-wrap\">\n\t\t\t\t\t\t<div class=\"elementor-element elementor-element-66370b7 elementor-widget elementor-widget-divider\" data-id=\"66370b7\" data-element_type=\"widget\" data-widget_type=\"divider.default\">\n\t\t\t\t<div class=\"elementor-widget-container\">\n\t\t\t\t\t<div class=\"elementor-divider\">\n\t\t\t<span class=\"elementor-divider-separator\">\n\t\t\t\t\t\t<\/span>\n\t\t<\/div>\n\t\t\t\t<\/div>\n\t\t\t\t<\/div>\n\t\t\t\t\t\t<\/div>\n\t\t\t\t\t<\/div>\n\t\t<\/div>\n\t\t\t\t\t\t\t\t<\/div>\n\t\t\t\t\t<\/div>\n\t\t<\/section>\n\t\t\t\t<section class=\"elementor-section elementor-top-section elementor-element elementor-element-75bf050 elementor-section-boxed elementor-section-height-default elementor-section-height-default parallax_section_no qode_elementor_container_no\" data-id=\"75bf050\" data-element_type=\"section\">\n\t\t\t\t\t\t<div class=\"elementor-container elementor-column-gap-default\">\n\t\t\t\t\t\t\t<div class=\"elementor-row\">\n\t\t\t\t\t<div class=\"elementor-column elementor-col-100 elementor-top-column elementor-element elementor-element-a9a9e71\" data-id=\"a9a9e71\" data-element_type=\"column\">\n\t\t\t<div class=\"elementor-column-wrap elementor-element-populated\">\n\t\t\t\t\t\t\t<div class=\"elementor-widget-wrap\">\n\t\t\t\t\t\t<div class=\"elementor-element elementor-element-57217f3 elementor-widget elementor-widget-text-editor\" data-id=\"57217f3\" data-element_type=\"widget\" data-widget_type=\"text-editor.default\">\n\t\t\t\t<div class=\"elementor-widget-container\">\n\t\t\t\t\t<div class=\"elementor-text-editor elementor-clearfix\"><p style=\"background-color: #ffffff;\"><span style=\"font-size: 24px;\">Informations concernant les inscriptions :<\/span><\/p><ul><li>Les ateliers d&rsquo;\u00e9criture s&rsquo;ouvrent \u00e0 6 personnes et se cl\u00f4turent \u00e0 8 personnes.<\/li><li>Les ateliers manga s&rsquo;ouvrent \u00e0 6 personnes et se cl\u00f4turent \u00e0 10 personnes.<\/li><li>En cas d&rsquo;annulation moins de 48 heures avant l&rsquo;atelier, celui-ci sera d\u00fb par le participant.<\/li><li>Nous fournissons tout le mat\u00e9riel n\u00e9cessaire pour r\u00e9aliser les ateliers.<\/li><li>Vous pouvez offrir ces ateliers, \u00e0 l&rsquo;unit\u00e9, par 2, par 3, par 4 avec nos carnets \u00ab\u00a0Ateliers furtifs\u00a0\u00bb.<\/li><\/ul><\/div>\n\t\t\t\t<\/div>\n\t\t\t\t<\/div>\n\t\t\t\t\t\t<\/div>\n\t\t\t\t\t<\/div>\n\t\t<\/div>\n\t\t\t\t\t\t\t\t<\/div>\n\t\t\t\t\t<\/div>\n\t\t<\/section>\n\t\t\t\t<section class=\"elementor-section elementor-top-section elementor-element elementor-element-d5b2ce4 elementor-section-boxed elementor-section-height-default elementor-section-height-default parallax_section_no qode_elementor_container_no\" data-id=\"d5b2ce4\" data-element_type=\"section\">\n\t\t\t\t\t\t<div class=\"elementor-container elementor-column-gap-default\">\n\t\t\t\t\t\t\t<div class=\"elementor-row\">\n\t\t\t\t\t<div class=\"elementor-column elementor-col-100 elementor-top-column elementor-element elementor-element-c7aa972\" data-id=\"c7aa972\" data-element_type=\"column\">\n\t\t\t<div class=\"elementor-column-wrap elementor-element-populated\">\n\t\t\t\t\t\t\t<div class=\"elementor-widget-wrap\">\n\t\t\t\t\t\t<div class=\"elementor-element elementor-element-75aec2c elementor-widget elementor-widget-text-editor\" data-id=\"75aec2c\" data-element_type=\"widget\" data-widget_type=\"text-editor.default\">\n\t\t\t\t<div class=\"elementor-widget-container\">\n\t\t\t\t\t<div class=\"elementor-text-editor elementor-clearfix\"><p style=\"background-color: #ffffff;\"><span style=\"font-size: 24px;\">Pour vous inscrire, envoyez-nous un mail \u00e0 contact@librairie-lesfurtifs.com (<\/span><span style=\"background-color: #ffffff; font-size: 24px; font-weight: var( --e-global-typography-text-font-weight );\">ou <a href=\"mailto:contact@librairie-lesfurtifs.com\">cliquez ici<\/a>)&nbsp;<\/span><span style=\"font-size: 24px;\">en pr\u00e9cisant&nbsp; :<\/span><\/p>\n<ul>\n<li>Nom\/Pr\u00e9nom<\/li>\n<li>Date de naissance<\/li>\n<li>Mail\/Num\u00e9ro de portable<\/li>\n<li>Si vous avez d\u00e9j\u00e0 \u00e9crit, dessin\u00e9, ou tout autre \u00e9l\u00e9ment qui permette aux animateurs de pr\u00e9parer au mieux leurs ateliers.<\/li>\n<\/ul>\n<p><span style=\"font-size: 24px;\">&nbsp;<\/span><\/p>\n<p><span style=\"font-size: 24px;\">Pour obtenir des informations, appelez-nous au 04 42 62 63 77.<\/span><\/p><\/div>\n\t\t\t\t<\/div>\n\t\t\t\t<\/div>\n\t\t\t\t\t\t<\/div>\n\t\t\t\t\t<\/div>\n\t\t<\/div>\n\t\t\t\t\t\t\t\t<\/div>\n\t\t\t\t\t<\/div>\n\t\t<\/section>\n\t\t\t\t\t\t<\/div>\n\t\t\t\t\t\t<\/div>\n\t\t\t\t\t<\/div>\n\t\t","protected":false},"excerpt":{"rendered":"<p>ATELIERS D&rsquo;ECRITURE anim\u00e9s par H\u00e9l\u00e8na Villovitch et Annick Latour \u00c9crire c\u2019est se projeter vers un inattendu. \u00c9crire c\u2019est se surprendre. D\u00e9veloppez curiosit\u00e9, imaginaire, cr\u00e9ativit\u00e9 et vivez une aventure d&rsquo;\u00e9criture, de l&rsquo;id\u00e9e \u00e0 la r\u00e9daction. Pas \u00e0 pas, apprenez \u00e0 exploiter au mieux votre potentiel de&#8230;<\/p>\n","protected":false},"author":1,"featured_media":0,"parent":0,"menu_order":0,"comment_status":"closed","ping_status":"closed","template":"","meta":{"footnotes":""},"class_list":["post-305","page","type-page","status-publish","hentry"],"_links":{"self":[{"href":"https:\/\/librairie-lesfurtifs.com\/index.php\/wp-json\/wp\/v2\/pages\/305","targetHints":{"allow":["GET"]}}],"collection":[{"href":"https:\/\/librairie-lesfurtifs.com\/index.php\/wp-json\/wp\/v2\/pages"}],"about":[{"href":"https:\/\/librairie-lesfurtifs.com\/index.php\/wp-json\/wp\/v2\/types\/page"}],"author":[{"embeddable":true,"href":"https:\/\/librairie-lesfurtifs.com\/index.php\/wp-json\/wp\/v2\/users\/1"}],"replies":[{"embeddable":true,"href":"https:\/\/librairie-lesfurtifs.com\/index.php\/wp-json\/wp\/v2\/comments?post=305"}],"version-history":[{"count":116,"href":"https:\/\/librairie-lesfurtifs.com\/index.php\/wp-json\/wp\/v2\/pages\/305\/revisions"}],"predecessor-version":[{"id":760,"href":"https:\/\/librairie-lesfurtifs.com\/index.php\/wp-json\/wp\/v2\/pages\/305\/revisions\/760"}],"wp:attachment":[{"href":"https:\/\/librairie-lesfurtifs.com\/index.php\/wp-json\/wp\/v2\/media?parent=305"}],"curies":[{"name":"wp","href":"https:\/\/api.w.org\/{rel}","templated":true}]}}